{"id":16,"date":"2021-01-22T09:56:58","date_gmt":"2021-01-22T09:56:58","guid":{"rendered":"https:\/\/thewhitetiger.at\/?page_id=16"},"modified":"2021-10-04T12:28:25","modified_gmt":"2021-10-04T12:28:25","slug":"sangoma","status":"publish","type":"page","link":"https:\/\/thewhitetiger.at\/index.php\/sangoma\/","title":{"rendered":"Sangoma"},"content":{"rendered":"\t\t<div data-elementor-type=\"wp-page\" data-elementor-id=\"16\" class=\"elementor elementor-16\">\n\t\t\t\t\t\t<section class=\"elementor-section elementor-top-section elementor-element elementor-element-0eb9b91 elementor-section-boxed elementor-section-height-default elementor-section-height-default\" data-id=\"0eb9b91\" data-element_type=\"section\" data-e-type=\"section\">\n\t\t\t\t\t\t<div class=\"elementor-container elementor-column-gap-default\">\n\t\t\t\t\t<div class=\"aux-parallax-section elementor-column elementor-col-100 elementor-top-column elementor-element elementor-element-c5fccce\" data-id=\"c5fccce\" data-element_type=\"column\" data-e-type=\"column\">\n\t\t\t<div class=\"elementor-widget-wrap elementor-element-populated\">\n\t\t\t\t\t\t<div class=\"elementor-element elementor-element-986b38d elementor-invisible elementor-widget elementor-widget-heading\" data-id=\"986b38d\" data-element_type=\"widget\" data-e-type=\"widget\" data-settings=\"{&quot;_animation&quot;:&quot;fadeInRight&quot;}\" data-widget_type=\"heading.default\">\n\t\t\t\t<div class=\"elementor-widget-container\">\n\t\t\t\t\t<h2 class=\"elementor-heading-title elementor-size-default\">Was ist Sangoma?<\/h2>\t\t\t\t<\/div>\n\t\t\t\t<\/div>\n\t\t\t\t\t<\/div>\n\t\t<\/div>\n\t\t\t\t\t<\/div>\n\t\t<\/section>\n\t\t\t\t<section class=\"elementor-section elementor-top-section elementor-element elementor-element-c5dc8c2 elementor-section-boxed elementor-section-height-default elementor-section-height-default\" data-id=\"c5dc8c2\" data-element_type=\"section\" data-e-type=\"section\">\n\t\t\t\t\t\t<div class=\"elementor-container elementor-column-gap-default\">\n\t\t\t\t\t<div class=\"aux-parallax-section elementor-column elementor-col-100 elementor-top-column elementor-element elementor-element-7190719\" data-id=\"7190719\" data-element_type=\"column\" data-e-type=\"column\">\n\t\t\t<div class=\"elementor-widget-wrap elementor-element-populated\">\n\t\t\t\t\t\t<div class=\"elementor-element elementor-element-6ba51f8 elementor-invisible elementor-widget elementor-widget-text-editor\" data-id=\"6ba51f8\" data-element_type=\"widget\" data-e-type=\"widget\" data-settings=\"{&quot;_animation&quot;:&quot;fadeInLeft&quot;}\" data-widget_type=\"text-editor.default\">\n\t\t\t\t<div class=\"elementor-widget-container\">\n\t\t\t\t\t\t\t\t\t<p>Sangoma ist ein \u00dcberbegriff f\u00fcr <strong>Schamanen aus v.a. dem s\u00fcdlichen Afrika<\/strong>. Sangoma sind <strong>Heiler und Seher<\/strong>. Heilung wird hier im Sinne von Heil- und Ganz werden verstanden. Wer Sangoma wird, ist dazu berufen, ja regelrecht von seinen Ahnen dazu gerufen.<\/p><p>Zentrale Themen eines Sangoma sind das Arbeiten mit Verstrickungen aus dem Unbewussten sowie rituelle Ahnenarbeit und das Deuten und Sehen. In den beheimateten Gebieten hat ein Sangoma heute noch die Stellung eines Arztes.\u00a0<\/p><p>Wichtig (!) jedoch: Als Schamane erstelle ich keine \u00e4rztlichen Diagnosen und kann \u00e4rztliche Behandlungen bzw. Therapien nicht ersetzen!<\/p><p>\u00a0<\/p>\t\t\t\t\t\t\t\t<\/div>\n\t\t\t\t<\/div>\n\t\t\t\t\t<\/div>\n\t\t<\/div>\n\t\t\t\t\t<\/div>\n\t\t<\/section>\n\t\t\t\t<section class=\"elementor-section elementor-top-section elementor-element elementor-element-e7c4d67 elementor-section-boxed elementor-section-height-default elementor-section-height-default\" data-id=\"e7c4d67\" data-element_type=\"section\" data-e-type=\"section\">\n\t\t\t\t\t\t<div class=\"elementor-container elementor-column-gap-default\">\n\t\t\t\t\t<div class=\"aux-parallax-section elementor-column elementor-col-100 elementor-top-column elementor-element elementor-element-4611fb0\" data-id=\"4611fb0\" data-element_type=\"column\" data-e-type=\"column\">\n\t\t\t<div class=\"elementor-widget-wrap elementor-element-populated\">\n\t\t\t\t\t\t<div class=\"elementor-element elementor-element-ec9829c elementor-invisible elementor-widget elementor-widget-heading\" data-id=\"ec9829c\" data-element_type=\"widget\" data-e-type=\"widget\" data-settings=\"{&quot;_animation&quot;:&quot;fadeInRight&quot;}\" data-widget_type=\"heading.default\">\n\t\t\t\t<div class=\"elementor-widget-container\">\n\t\t\t\t\t<h2 class=\"elementor-heading-title elementor-size-default\">Das Knochenorakel<\/h2>\t\t\t\t<\/div>\n\t\t\t\t<\/div>\n\t\t\t\t\t<\/div>\n\t\t<\/div>\n\t\t\t\t\t<\/div>\n\t\t<\/section>\n\t\t\t\t<section class=\"elementor-section elementor-top-section elementor-element elementor-element-351b3a5 elementor-reverse-tablet elementor-reverse-mobile elementor-section-boxed elementor-section-height-default elementor-section-height-default\" data-id=\"351b3a5\" data-element_type=\"section\" data-e-type=\"section\">\n\t\t\t\t\t\t<div class=\"elementor-container elementor-column-gap-no\">\n\t\t\t\t\t<div class=\"aux-parallax-section elementor-column elementor-col-50 elementor-top-column elementor-element elementor-element-27c3b11 aux-appear-watch-animation aux-fade-in-left-1\" data-id=\"27c3b11\" data-element_type=\"column\" data-e-type=\"column\" data-settings=\"{&quot;background_background&quot;:&quot;classic&quot;}\">\n\t\t\t<div class=\"elementor-widget-wrap elementor-element-populated\">\n\t\t\t\t\t\t<div class=\"elementor-element elementor-element-64ae716 elementor-widget elementor-widget-text-editor\" data-id=\"64ae716\" data-element_type=\"widget\" data-e-type=\"widget\" data-widget_type=\"text-editor.default\">\n\t\t\t\t<div class=\"elementor-widget-container\">\n\t\t\t\t\t\t\t\t\t<p>Das <strong>Knochenorakel<\/strong> der Sangoma ist im afrikanischen Schamanismus sowas wie die <strong>Grundlage einer Aufstellungsarbeit<\/strong>. Die Knochen k\u00f6nnen Verstrickungen aus dem Familiensystem sichtbar machen, bisher verschlossene T\u00fcren aus dem Unterbewussten \u00f6ffnen oder als Wegweiser dienen, wenn man wei\u00df, dass man etwas in seinem Leben ver\u00e4ndern sollte, aber nicht wei\u00df, wo man anfangen soll.\n<\/p><p>Wieso passiert das immer mir? Wieso ergibt sich sowas nicht f\u00fcr mich? Gewisse schmerzhafte Muster oder Schatten k\u00f6nnen aus lang vergessenen Verstrickungen der Vergangenheit unserer Familie entstanden sein. Und das Knochenorakel hilft dabei diese zu erkennen!<\/p>\t\t\t\t\t\t\t\t<\/div>\n\t\t\t\t<\/div>\n\t\t\t\t\t<\/div>\n\t\t<\/div>\n\t\t\t\t<div class=\"aux-parallax-section elementor-column elementor-col-50 elementor-top-column elementor-element elementor-element-8d92b1e aux-appear-watch-animation aux-fade-in-right-1\" data-id=\"8d92b1e\" data-element_type=\"column\" data-e-type=\"column\">\n\t\t\t<div class=\"elementor-widget-wrap elementor-element-populated\">\n\t\t\t\t\t\t<div class=\"elementor-element elementor-element-7a649bf elementor-widget elementor-widget-image\" data-id=\"7a649bf\" data-element_type=\"widget\" data-e-type=\"widget\" data-widget_type=\"image.default\">\n\t\t\t\t<div class=\"elementor-widget-container\">\n\t\t\t\t\t\t\t\t\t\t\t\t\t\t\t<img decoding=\"async\" src=\"https:\/\/thewhitetiger.at\/wp-content\/uploads\/2021\/05\/drache-rot-web2.jpg\" title=\"drache-rot-web2\" alt=\"drache-rot-web2\" loading=\"lazy\" \/>\t\t\t\t\t\t\t\t\t\t\t\t\t\t\t<\/div>\n\t\t\t\t<\/div>\n\t\t\t\t\t<\/div>\n\t\t<\/div>\n\t\t\t\t\t<\/div>\n\t\t<\/section>\n\t\t\t\t<section class=\"elementor-section elementor-top-section elementor-element elementor-element-17217ec elementor-section-boxed elementor-section-height-default elementor-section-height-default\" data-id=\"17217ec\" data-element_type=\"section\" data-e-type=\"section\">\n\t\t\t\t\t\t<div class=\"elementor-container elementor-column-gap-default\">\n\t\t\t\t\t<div class=\"aux-parallax-section elementor-column elementor-col-100 elementor-top-column elementor-element elementor-element-1b177b0\" data-id=\"1b177b0\" data-element_type=\"column\" data-e-type=\"column\">\n\t\t\t<div class=\"elementor-widget-wrap elementor-element-populated\">\n\t\t\t\t\t\t<div class=\"elementor-element elementor-element-f2ac529 elementor-widget elementor-widget-spacer\" data-id=\"f2ac529\" data-element_type=\"widget\" data-e-type=\"widget\" data-widget_type=\"spacer.default\">\n\t\t\t\t<div class=\"elementor-widget-container\">\n\t\t\t\t\t\t\t<div class=\"elementor-spacer\">\n\t\t\t<div class=\"elementor-spacer-inner\"><\/div>\n\t\t<\/div>\n\t\t\t\t\t\t<\/div>\n\t\t\t\t<\/div>\n\t\t\t\t\t<\/div>\n\t\t<\/div>\n\t\t\t\t\t<\/div>\n\t\t<\/section>\n\t\t\t\t<section class=\"elementor-section elementor-top-section elementor-element elementor-element-ec9d94b elementor-section-boxed elementor-section-height-default elementor-section-height-default\" data-id=\"ec9d94b\" data-element_type=\"section\" data-e-type=\"section\" data-settings=\"{&quot;background_background&quot;:&quot;gradient&quot;}\">\n\t\t\t\t\t\t<div class=\"elementor-container elementor-column-gap-default\">\n\t\t\t\t\t<div class=\"aux-parallax-section elementor-column elementor-col-100 elementor-top-column elementor-element elementor-element-c4763c9\" data-id=\"c4763c9\" data-element_type=\"column\" data-e-type=\"column\">\n\t\t\t<div class=\"elementor-widget-wrap elementor-element-populated\">\n\t\t\t\t\t\t<div class=\"elementor-element elementor-element-223b787 elementor-widget elementor-widget-heading\" data-id=\"223b787\" data-element_type=\"widget\" data-e-type=\"widget\" data-widget_type=\"heading.default\">\n\t\t\t\t<div class=\"elementor-widget-container\">\n\t\t\t\t\t<h2 class=\"elementor-heading-title elementor-size-default\">Medizinrad<\/h2>\t\t\t\t<\/div>\n\t\t\t\t<\/div>\n\t\t\t\t<section class=\"elementor-section elementor-inner-section elementor-element elementor-element-1175859 elementor-section-boxed elementor-section-height-default elementor-section-height-default\" data-id=\"1175859\" data-element_type=\"section\" data-e-type=\"section\">\n\t\t\t\t\t\t<div class=\"elementor-container elementor-column-gap-default\">\n\t\t\t\t\t<div class=\"aux-parallax-section elementor-column elementor-col-50 elementor-inner-column elementor-element elementor-element-3bf74db elementor-invisible\" data-id=\"3bf74db\" data-element_type=\"column\" data-e-type=\"column\" data-settings=\"{&quot;animation&quot;:&quot;fadeInLeft&quot;}\">\n\t\t\t<div class=\"elementor-widget-wrap elementor-element-populated\">\n\t\t\t\t\t\t<div class=\"elementor-element elementor-element-f7fdcc8 elementor-widget elementor-widget-text-editor\" data-id=\"f7fdcc8\" data-element_type=\"widget\" data-e-type=\"widget\" data-widget_type=\"text-editor.default\">\n\t\t\t\t<div class=\"elementor-widget-container\">\n\t\t\t\t\t\t\t\t\t<p>Das Medizinrad existiert in den <strong>Kulturen nahezu aller Naturv\u00f6lker<\/strong> und es findet schon seit Jahrtausenden rituellen Gebrauch &#8211; bis heute.<\/p><p>Das Medizinrad bedient sich der Kraft der 4 Himmelsrichtungen und <strong>symbolisiert die nat\u00fcrlichen Zyklen des Lebens<\/strong>, von der Geburt \u00fcber die Jugend, das Erwachsenenalter bis hin zum Tod.<\/p><p>Bei einem Medizinrad-Abend wird ein <strong>ritueller Aschekreis<\/strong> gezogen, welcher die Schwelle in eine &#8222;Anderswelt&#8220; darstellt. Der Schamane h\u00e4lt f\u00fcr die teilnehmenden Personen hochfrequente Energien. Das erm\u00f6glicht eine erh\u00f6hte Wahrnehmung f\u00fcr die Teilnehmenden. Wir k\u00f6nnen so <strong>St\u00e4rken &amp; Schw\u00e4chen<\/strong> in uns<strong> erkennen<\/strong>, <strong>Visionen und W\u00fcnsche formulieren<\/strong>, <strong>Altlasten<\/strong> falls notwendig <strong>loslassen<\/strong>.<\/p>\t\t\t\t\t\t\t\t<\/div>\n\t\t\t\t<\/div>\n\t\t\t\t\t<\/div>\n\t\t<\/div>\n\t\t\t\t<div class=\"aux-parallax-section elementor-column elementor-col-50 elementor-inner-column elementor-element elementor-element-0b1a284 elementor-invisible\" data-id=\"0b1a284\" data-element_type=\"column\" data-e-type=\"column\" data-settings=\"{&quot;animation&quot;:&quot;fadeInRight&quot;}\">\n\t\t\t<div class=\"elementor-widget-wrap elementor-element-populated\">\n\t\t\t\t\t\t<div class=\"elementor-element elementor-element-b605309 elementor-widget elementor-widget-text-editor\" data-id=\"b605309\" data-element_type=\"widget\" data-e-type=\"widget\" data-widget_type=\"text-editor.default\">\n\t\t\t\t<div class=\"elementor-widget-container\">\n\t\t\t\t\t\t\t\t\t<p>Das Medizinrad dient dem Kalibrieren der eigenen inneren Kompassnadel. Wo stehe ich gerade in meinem Leben? Was brauche ich noch um harmonisch in meinen n\u00e4chsten Lebensabschnitt gehen zu k\u00f6nnen?<\/p><p>Wir Menschen bewegen uns oft in 5 oder 7 Jahreszyklen. Ob Jobwechsel, Beziehungsabbruch, Ausbildungsabschluss, Genesung einer langen Krankheit, nicht selten beginnt mit jedem dieser Meilensteine ein neuer Abschnitt im Leben. Genau hier kann das Medizinrad helfen, Altes zu transzendieren und in etwas Neuem zu integrieren.<\/p><p>Das Medizinrad kann sowohl als Einzelperson, als auch als Gruppe in Anspruch genommen werden. Preis pro Person \u20ac 200,&#8211;. Die Dauer ist individuell, ein Medizinrad kann nur eine Stunde, aber auch mehrere Stunden dauern. Gerne kann das Medizinrad auch an einem von Ihnen gew\u00fcnschten Ort stattfinden. Details werden bei Anfrage besprochen!<\/p>\t\t\t\t\t\t\t\t<\/div>\n\t\t\t\t<\/div>\n\t\t\t\t\t<\/div>\n\t\t<\/div>\n\t\t\t\t\t<\/div>\n\t\t<\/section>\n\t\t\t\t\t<\/div>\n\t\t<\/div>\n\t\t\t\t\t<\/div>\n\t\t<\/section>\n\t\t\t\t<section class=\"elementor-section elementor-top-section elementor-element elementor-element-85cb3ea elementor-section-boxed elementor-section-height-default elementor-section-height-default elementor-invisible\" data-id=\"85cb3ea\" data-element_type=\"section\" data-e-type=\"section\" data-settings=\"{&quot;animation&quot;:&quot;fadeInUp&quot;}\">\n\t\t\t\t\t\t<div class=\"elementor-container elementor-column-gap-default\">\n\t\t\t\t\t<div class=\"aux-parallax-section elementor-column elementor-col-100 elementor-top-column elementor-element elementor-element-91d012b\" data-id=\"91d012b\" data-element_type=\"column\" data-e-type=\"column\">\n\t\t\t<div class=\"elementor-widget-wrap elementor-element-populated\">\n\t\t\t\t\t\t<div class=\"elementor-element elementor-element-b09f0bc elementor-widget elementor-widget-heading\" data-id=\"b09f0bc\" data-element_type=\"widget\" data-e-type=\"widget\" data-widget_type=\"heading.default\">\n\t\t\t\t<div class=\"elementor-widget-container\">\n\t\t\t\t\t<h2 class=\"elementor-heading-title elementor-size-default\">HdE - Heilen durch Erinnerung<\/h2>\t\t\t\t<\/div>\n\t\t\t\t<\/div>\n\t\t\t\t\t<\/div>\n\t\t<\/div>\n\t\t\t\t\t<\/div>\n\t\t<\/section>\n\t\t\t\t<section class=\"elementor-section elementor-top-section elementor-element elementor-element-a86b002 elementor-reverse-tablet elementor-reverse-mobile elementor-section-boxed elementor-section-height-default elementor-section-height-default\" data-id=\"a86b002\" data-element_type=\"section\" data-e-type=\"section\">\n\t\t\t\t\t\t<div class=\"elementor-container elementor-column-gap-no\">\n\t\t\t\t\t<div class=\"aux-parallax-section elementor-column elementor-col-50 elementor-top-column elementor-element elementor-element-6bd22c6 aux-appear-watch-animation aux-fade-in-left-1\" data-id=\"6bd22c6\" data-element_type=\"column\" data-e-type=\"column\" data-settings=\"{&quot;background_background&quot;:&quot;classic&quot;}\">\n\t\t\t<div class=\"elementor-widget-wrap elementor-element-populated\">\n\t\t\t\t\t\t<div class=\"elementor-element elementor-element-aaadc4d elementor-widget elementor-widget-text-editor\" data-id=\"aaadc4d\" data-element_type=\"widget\" data-e-type=\"widget\" data-widget_type=\"text-editor.default\">\n\t\t\t\t<div class=\"elementor-widget-container\">\n\t\t\t\t\t\t\t\t\t<p>In einer HdE-Sitzung verhilft der Facilitator durch eine <strong>gef\u00fchrte Meditation<\/strong> der Clientin sich an <strong>Inhalte aus<\/strong> <strong>dem Unbewussten zu erinnern<\/strong>. Unser Bewusstsein speichert jede Erfahrung in uns ab. Alles was wir jemals wahrgenommen haben ist in uns.<\/p><p>Die Frage ist nur, sind uns diese Inhalte zug\u00e4nglich, also bewusst, oder wurden sie vergessen oder verdr\u00e4ngt und sind uns somit unbewusst. Im Prozess der Bewusstwerdung geht es darum, dass wir gewisse schmerzhafte oder unangenehme Erfahrungen aus unserer Vergangenheit erneut wahrnehmen und in der HdE-Meditation erneut durchleben. Hier werden alten Emotionen, alten Denkmustern Raum gegeben und diese transfomiert.<\/p><p>Zu oft schleppen unsere Zellen schon l\u00e4ngst Vergangenes noch mit sich. Hier darf losgelassen werden, was dem Organismus in seiner Ganzheit nicht mehr dienlich ist. Dadurch k\u00f6nnen sich Verstrickungen in und um uns l\u00f6sen und wir durch das Erinnern wieder Heil werden. HdE ist in anderen Worten Schattenarbeit.<\/p>\t\t\t\t\t\t\t\t<\/div>\n\t\t\t\t<\/div>\n\t\t\t\t\t<\/div>\n\t\t<\/div>\n\t\t\t\t<div class=\"aux-parallax-section elementor-column elementor-col-50 elementor-top-column elementor-element elementor-element-726bdb6 aux-appear-watch-animation aux-fade-in-right-1\" data-id=\"726bdb6\" data-element_type=\"column\" data-e-type=\"column\">\n\t\t\t<div class=\"elementor-widget-wrap elementor-element-populated\">\n\t\t\t\t\t\t<div class=\"elementor-element elementor-element-f74fe05 elementor-widget elementor-widget-image\" data-id=\"f74fe05\" data-element_type=\"widget\" data-e-type=\"widget\" data-widget_type=\"image.default\">\n\t\t\t\t<div class=\"elementor-widget-container\">\n\t\t\t\t\t\t\t\t\t\t\t\t\t\t\t<img fetchpriority=\"high\" decoding=\"async\" width=\"768\" height=\"761\" src=\"https:\/\/thewhitetiger.at\/wp-content\/uploads\/2021\/05\/Oliver_Praxis_32_web-768x761.jpg\" class=\"attachment-medium_large size-medium_large wp-image-2134\" alt=\"\" srcset=\"https:\/\/thewhitetiger.at\/wp-content\/uploads\/2021\/05\/Oliver_Praxis_32_web-768x761.jpg 768w, https:\/\/thewhitetiger.at\/wp-content\/uploads\/2021\/05\/Oliver_Praxis_32_web-150x150.jpg 150w\" sizes=\"(max-width: 768px) 100vw, 768px\" \/>\t\t\t\t\t\t\t\t\t\t\t\t\t\t\t<\/div>\n\t\t\t\t<\/div>\n\t\t\t\t\t<\/div>\n\t\t<\/div>\n\t\t\t\t\t<\/div>\n\t\t<\/section>\n\t\t\t\t<section class=\"elementor-section elementor-top-section elementor-element elementor-element-459049e elementor-section-boxed elementor-section-height-default elementor-section-height-default\" data-id=\"459049e\" data-element_type=\"section\" data-e-type=\"section\">\n\t\t\t\t\t\t<div class=\"elementor-container elementor-column-gap-default\">\n\t\t\t\t\t<div class=\"aux-parallax-section elementor-column elementor-col-100 elementor-top-column elementor-element elementor-element-11c3d0d\" data-id=\"11c3d0d\" data-element_type=\"column\" data-e-type=\"column\">\n\t\t\t<div class=\"elementor-widget-wrap elementor-element-populated\">\n\t\t\t\t\t\t<div class=\"elementor-element elementor-element-c7bf5c9 elementor-invisible elementor-widget elementor-widget-heading\" data-id=\"c7bf5c9\" data-element_type=\"widget\" data-e-type=\"widget\" data-settings=\"{&quot;_animation&quot;:&quot;fadeInLeft&quot;,&quot;_animation_tablet&quot;:&quot;fadeInLeft&quot;,&quot;_animation_mobile&quot;:&quot;fadeInLeft&quot;}\" data-widget_type=\"heading.default\">\n\t\t\t\t<div class=\"elementor-widget-container\">\n\t\t\t\t\t<h2 class=\"elementor-heading-title elementor-size-default\">Sangoma-Bad<\/h2>\t\t\t\t<\/div>\n\t\t\t\t<\/div>\n\t\t\t\t\t<\/div>\n\t\t<\/div>\n\t\t\t\t\t<\/div>\n\t\t<\/section>\n\t\t\t\t<section class=\"elementor-section elementor-top-section elementor-element elementor-element-6d4c3f9 elementor-section-boxed elementor-section-height-default elementor-section-height-default\" data-id=\"6d4c3f9\" data-element_type=\"section\" data-e-type=\"section\">\n\t\t\t\t\t\t<div class=\"elementor-container elementor-column-gap-default\">\n\t\t\t\t\t<div class=\"aux-parallax-section elementor-column elementor-col-100 elementor-top-column elementor-element elementor-element-fe91d38\" data-id=\"fe91d38\" data-element_type=\"column\" data-e-type=\"column\">\n\t\t\t<div class=\"elementor-widget-wrap elementor-element-populated\">\n\t\t\t\t\t\t<div class=\"elementor-element elementor-element-c3ebcb2 elementor-invisible elementor-widget elementor-widget-text-editor\" data-id=\"c3ebcb2\" data-element_type=\"widget\" data-e-type=\"widget\" data-settings=\"{&quot;_animation&quot;:&quot;fadeInRight&quot;,&quot;_animation_tablet&quot;:&quot;fadeInRight&quot;,&quot;_animation_mobile&quot;:&quot;fadeInRight&quot;}\" data-widget_type=\"text-editor.default\">\n\t\t\t\t<div class=\"elementor-widget-container\">\n\t\t\t\t\t\t\t\t\t<p>Das Sangoma-Bad ist ein energetisierendes Bad, das eine <strong>Verbindung zu den Ahnen und Urahnen<\/strong> herstellen kann. Individuell abgestimmte Zutaten und Beigaben werden in das rituelle Bad gegeben und dem Prozess seinen Lauf gelassen.<\/p>\n<p>Sangoma-B\u00e4der k\u00f6nnen nach Anweisung alleine in der eigenen Badewanne durchgef\u00fchrt werden oder an einem Abendtermin bei mir in der Praxis. Ein Sangoma-Bad-Abend bei mir in der Praxis inkludiert immer auch eine Meditations- bzw. HdE-Sitzung!<br><\/p>\t\t\t\t\t\t\t\t<\/div>\n\t\t\t\t<\/div>\n\t\t\t\t\t<\/div>\n\t\t<\/div>\n\t\t\t\t\t<\/div>\n\t\t<\/section>\n\t\t\t\t<section class=\"elementor-section elementor-top-section elementor-element elementor-element-08c00b7 elementor-section-boxed elementor-section-height-default elementor-section-height-default\" data-id=\"08c00b7\" data-element_type=\"section\" data-e-type=\"section\">\n\t\t\t\t\t\t<div class=\"elementor-container elementor-column-gap-default\">\n\t\t\t\t\t<div class=\"aux-parallax-section elementor-column elementor-col-100 elementor-top-column elementor-element elementor-element-913be19\" data-id=\"913be19\" data-element_type=\"column\" data-e-type=\"column\">\n\t\t\t<div class=\"elementor-widget-wrap elementor-element-populated\">\n\t\t\t\t\t\t<div class=\"elementor-element elementor-element-6bc60cd elementor-invisible elementor-widget elementor-widget-text-editor\" data-id=\"6bc60cd\" data-element_type=\"widget\" data-e-type=\"widget\" data-settings=\"{&quot;_animation&quot;:&quot;fadeInUp&quot;}\" data-widget_type=\"text-editor.default\">\n\t\t\t\t<div class=\"elementor-widget-container\">\n\t\t\t\t\t\t\t\t\t<p style=\"text-align: center;\">Weiter Angebote und Kombinationsm\u00f6glichkeiten mit Sangoma\u00a0<span style=\"color: #ffffff;\"><a style=\"color: #ffffff;\" href=\"https:\/\/thewhitetiger.at\/index.php\/angebot\/\"><strong>siehe hier<\/strong><\/a><\/span>!<\/p><p style=\"text-align: center;\">Interesse am w\u00f6chentlichen Gruppenkurs? Dann <span style=\"color: #ffffff;\"><a style=\"color: #ffffff;\" href=\"https:\/\/thewhitetiger.at\/index.php\/gruppenkurs-und-seminare\/\"><strong>klicke hier<\/strong><\/a><\/span>!<\/p>\t\t\t\t\t\t\t\t<\/div>\n\t\t\t\t<\/div>\n\t\t\t\t\t<\/div>\n\t\t<\/div>\n\t\t\t\t\t<\/div>\n\t\t<\/section>\n\t\t\t\t<\/div>\n\t\t","protected":false},"excerpt":{"rendered":"<p>Was ist Sangoma? Sangoma ist ein \u00dcberbegriff f\u00fcr Schamanen aus v.a. dem s\u00fcdlichen Afrika. Sangoma sind Heiler und Seher. Heilung wird hier im Sinne von Heil- und Ganz werden verstanden. Wer Sangoma wird, ist dazu berufen, ja regelrecht von seinen Ahnen dazu gerufen. Zentrale Themen eines Sangoma sind das Arbeiten mit Verstrickungen aus dem Unbewussten [&hellip;]<\/p>\n","protected":false},"author":1,"featured_media":0,"parent":0,"menu_order":8,"comment_status":"closed","ping_status":"closed","template":"","meta":{"footnotes":""},"class_list":["post-16","page","type-page","status-publish","hentry"],"_links":{"self":[{"href":"https:\/\/thewhitetiger.at\/index.php\/wp-json\/wp\/v2\/pages\/16","targetHints":{"allow":["GET"]}}],"collection":[{"href":"https:\/\/thewhitetiger.at\/index.php\/wp-json\/wp\/v2\/pages"}],"about":[{"href":"https:\/\/thewhitetiger.at\/index.php\/wp-json\/wp\/v2\/types\/page"}],"author":[{"embeddable":true,"href":"https:\/\/thewhitetiger.at\/index.php\/wp-json\/wp\/v2\/users\/1"}],"replies":[{"embeddable":true,"href":"https:\/\/thewhitetiger.at\/index.php\/wp-json\/wp\/v2\/comments?post=16"}],"version-history":[{"count":253,"href":"https:\/\/thewhitetiger.at\/index.php\/wp-json\/wp\/v2\/pages\/16\/revisions"}],"predecessor-version":[{"id":4562,"href":"https:\/\/thewhitetiger.at\/index.php\/wp-json\/wp\/v2\/pages\/16\/revisions\/4562"}],"wp:attachment":[{"href":"https:\/\/thewhitetiger.at\/index.php\/wp-json\/wp\/v2\/media?parent=16"}],"curies":[{"name":"wp","href":"https:\/\/api.w.org\/{rel}","templated":true}]}}