{"id":20,"date":"2021-01-22T09:57:39","date_gmt":"2021-01-22T09:57:39","guid":{"rendered":"https:\/\/thewhitetiger.at\/?page_id=20"},"modified":"2022-06-14T16:33:57","modified_gmt":"2022-06-14T16:33:57","slug":"impressum","status":"publish","type":"page","link":"https:\/\/thewhitetiger.at\/index.php\/kontakt\/impressum\/","title":{"rendered":"Impressum"},"content":{"rendered":"\t\t<div data-elementor-type=\"wp-page\" data-elementor-id=\"20\" class=\"elementor elementor-20\">\n\t\t\t\t\t\t<section class=\"elementor-section elementor-top-section elementor-element elementor-element-6a13874 elementor-section-boxed elementor-section-height-default elementor-section-height-default\" data-id=\"6a13874\" data-element_type=\"section\" data-e-type=\"section\">\n\t\t\t\t\t\t<div class=\"elementor-container elementor-column-gap-default\">\n\t\t\t\t\t<div class=\"aux-parallax-section elementor-column elementor-col-100 elementor-top-column elementor-element elementor-element-7c10619\" data-id=\"7c10619\" data-element_type=\"column\" data-e-type=\"column\">\n\t\t\t<div class=\"elementor-widget-wrap elementor-element-populated\">\n\t\t\t\t\t\t<div class=\"elementor-element elementor-element-7d0460d elementor-widget elementor-widget-text-editor\" data-id=\"7d0460d\" data-element_type=\"widget\" data-e-type=\"widget\" data-widget_type=\"text-editor.default\">\n\t\t\t\t<div class=\"elementor-widget-container\">\n\t\t\t\t\t\t\t\t\t<div class=\"elementor-element elementor-element-c910dad elementor-widget elementor-widget-heading\" data-id=\"c910dad\" data-element_type=\"widget\" data-widget_type=\"heading.default\"><div class=\"elementor-widget-container\"><h3 class=\"elementor-heading-title elementor-size-default\">Offenlegung nach \u00a7 25 Mediengesetz<\/h3><\/div><\/div><div class=\"elementor-element elementor-element-6af6ac80 elementor-widget elementor-widget-text-editor\" data-id=\"6af6ac80\" data-element_type=\"widget\" data-widget_type=\"text-editor.default\"><div class=\"elementor-widget-container\"><div class=\"elementor-text-editor elementor-clearfix\"><p>Medieninhaber, Herausgeber und Eigent\u00fcmer:<\/p><p>Oliver Roithner<\/p><p>Tel. 0664 \/ 50 49 348<br \/>office(at)TheWhiteTiger.at<\/p><h4>Haftung:<\/h4><\/div><\/div><\/div><div class=\"elementor-element elementor-element-b148675 elementor-widget elementor-widget-text-editor\" data-id=\"b148675\" data-element_type=\"widget\" data-widget_type=\"text-editor.default\"><div class=\"elementor-widget-container\"><div class=\"elementor-text-editor elementor-clearfix\"><p>Wir bem\u00fchen uns um vollst\u00e4ndige, aktuelle und richtige Angaben. Es kann jedoch keine Gew\u00e4hrleistung oder Haftung f\u00fcr Sch\u00e4den durch die Verwendung des Internetauftritts \u00fcbernommen werden, weder f\u00fcr die angegebenen Informationen noch f\u00fcr Links zu weiterf\u00fchrenden Seiten, die von Dritten betrieben werden.<\/p><h4>Copyrights:<\/h4><p>Die Rechte f\u00fcr die in den Beitr\u00e4gen und Seiten verwendeten Texte, Fotos, Grafiken und Videos liegen soweit nicht explizit angegeben bei den Autoren und Fotografen.<\/p><h4>Webmaster\/Redaktion:<\/h4><p>Christoph M\u00fchlb\u00f6ck, Oliver Roithner<\/p><h4>Quellenangabe Fotos:<\/h4><p>Ulrich Sperl, Richard Mayr, pexels.com, Oliver Roithner<\/p><\/div><\/div><\/div>\t\t\t\t\t\t\t\t<\/div>\n\t\t\t\t<\/div>\n\t\t\t\t\t<\/div>\n\t\t<\/div>\n\t\t\t\t\t<\/div>\n\t\t<\/section>\n\t\t\t\t<\/div>\n\t\t","protected":false},"excerpt":{"rendered":"<p>Offenlegung nach \u00a7 25 Mediengesetz Medieninhaber, Herausgeber und Eigent\u00fcmer: Oliver Roithner Tel. 0664 \/ 50 49 348office(at)TheWhiteTiger.at Haftung: Wir bem\u00fchen uns um vollst\u00e4ndige, aktuelle und richtige Angaben. Es kann jedoch keine Gew\u00e4hrleistung oder Haftung f\u00fcr Sch\u00e4den durch die Verwendung des Internetauftritts \u00fcbernommen werden, weder f\u00fcr die angegebenen Informationen noch f\u00fcr Links zu weiterf\u00fchrenden Seiten, die [&hellip;]<\/p>\n","protected":false},"author":1,"featured_media":0,"parent":18,"menu_order":15,"comment_status":"closed","ping_status":"closed","template":"","meta":{"footnotes":""},"class_list":["post-20","page","type-page","status-publish","hentry"],"_links":{"self":[{"href":"https:\/\/thewhitetiger.at\/index.php\/wp-json\/wp\/v2\/pages\/20","targetHints":{"allow":["GET"]}}],"collection":[{"href":"https:\/\/thewhitetiger.at\/index.php\/wp-json\/wp\/v2\/pages"}],"about":[{"href":"https:\/\/thewhitetiger.at\/index.php\/wp-json\/wp\/v2\/types\/page"}],"author":[{"embeddable":true,"href":"https:\/\/thewhitetiger.at\/index.php\/wp-json\/wp\/v2\/users\/1"}],"replies":[{"embeddable":true,"href":"https:\/\/thewhitetiger.at\/index.php\/wp-json\/wp\/v2\/comments?post=20"}],"version-history":[{"count":39,"href":"https:\/\/thewhitetiger.at\/index.php\/wp-json\/wp\/v2\/pages\/20\/revisions"}],"predecessor-version":[{"id":5193,"href":"https:\/\/thewhitetiger.at\/index.php\/wp-json\/wp\/v2\/pages\/20\/revisions\/5193"}],"up":[{"embeddable":true,"href":"https:\/\/thewhitetiger.at\/index.php\/wp-json\/wp\/v2\/pages\/18"}],"wp:attachment":[{"href":"https:\/\/thewhitetiger.at\/index.php\/wp-json\/wp\/v2\/media?parent=20"}],"curies":[{"name":"wp","href":"https:\/\/api.w.org\/{rel}","templated":true}]}}